{"id":13,"date":"2020-05-20T22:33:43","date_gmt":"2020-05-20T22:33:43","guid":{"rendered":"https:\/\/master-chisinau.com\/?page_id=13"},"modified":"2023-10-25T13:08:13","modified_gmt":"2023-10-25T11:08:13","slug":"reparatii-calculatoare-si-laptop-uri-chisinau","status":"publish","type":"page","link":"https:\/\/master-chisinau.com\/ru\/","title":{"rendered":"Repara\u021bie Calculatoare \u0219i Laptop-uri Chi\u0219in\u0103u"},"content":{"rendered":"<h1 style=\"color: rgb(255, 255, 255) !important; --tcb-applied-color:rgb(255, 255, 255)  !important;\">\u0420\u0435\u043c\u043e\u043d\u0442 \u043a\u043e\u043c\u043f\u044c\u044e\u0442\u0435\u0440\u043e\u0432 \u0438 \u043d\u043e\u0443\u0442\u0431\u0443\u043a\u043e\u0432 \u043d\u0430 \u0434\u043e\u043c\u0443<\/h1>\n<p style=\"color: rgba(255, 255, 255, 0.85) !important; --tcb-applied-color: rgba(255, 255, 255, 0.85) !important;\">\u0420\u0435\u043c\u043e\u043d\u0442 \u043a\u043e\u043c\u043f\u044c\u044e\u0442\u0435\u0440\u043e\u0432 \u0438 \u043d\u043e\u0443\u0442\u0431\u0443\u043a\u043e\u0432 \u043d\u0430 \u0434\u043e\u043c\u0443 \u0432 \u041a\u0438\u0448\u0438\u043d\u0435\u0432\u0435. \u041f\u0440\u043e\u0435\u0437\u0434 \u0431\u0435\u0441\u043f\u043b\u0430\u0442\u043d\u044b\u0439.<\/p>\n<p style=\"\">\u043e\u0442\u043f\u0440\u0430\u0432\u043b\u044f\u0442\u044c<strong>&nbsp;\u0441\u043e\u043e\u0431\u0449\u0435\u043d\u0438\u0435 <\/strong>\u0438\u043b\u0438<strong>\u041f\u043e\u0437\u0432\u043e\u043d\u0438 \u0441\u0435\u0439\u0447\u0430\u0441<\/strong> \u041a <a href=\"tel: 373 67 331 944\" style=\"outline: none;\" target=\"_blank\" rel=\"noopener\">+373 67 331 944<\/a><\/p>\n<p>NumeleNum\u0103r de telefonProblema tehnic\u0103<a href=\"#\" style=\"\"><span><span style=\"\"><strong>\u041e\u0442\u043f\u0440\u0430\u0432\u0438\u0442\u044c \u0441\u043e\u043e\u0431\u0449\u0435\u043d\u0438\u0435<\/strong><\/span><\/span><\/a><\/p>\n<h2 style=\"text-align: center;\"><strong>\u0427\u0442\u043e \u0433\u043e\u0432\u043e\u0440\u044f\u0442 \u043e \u043d\u0430\u0441 \u043a\u043b\u0438\u0435\u043d\u0442\u044b<\/strong><\/h2>\n<p style=\"text-align: left;\">\u041a\u0430\u0447\u0435\u0441\u0442\u0432\u043e \u0432\u044b\u043f\u043e\u043b\u043d\u0435\u043d\u043d\u043e\u0439 \u0440\u0430\u0431\u043e\u0442\u044b \u043e\u0442\u043b\u0438\u0447\u043d\u043e\u0435. \u0421\u0432\u044f\u0437\u044c \u043e\u0447\u0435\u043d\u044c \u0445\u043e\u0440\u043e\u0448\u0430\u044f, \u0441\u043f\u0435\u0446\u0438\u0430\u043b\u0438\u0441\u0442\u044b \u0433\u043e\u0442\u043e\u0432\u044b \u043e\u0442\u0432\u0435\u0442\u0438\u0442\u044c \u043d\u0430 \u043b\u044e\u0431\u043e\u0439 \u0432\u043e\u043f\u0440\u043e\u0441 \u043f\u043e \u0440\u0435\u043c\u043e\u043d\u0442\u0443 \u043a\u043e\u043c\u043f\u044c\u044e\u0442\u0435\u0440\u043e\u0432.<\/p>\n<p>\u041e\u043d\u0435\u0442\u0438\u044e \u0410\u043d\u0434\u0440\u0435\u0439<\/p>\n<p style=\"text-align: left;\">\u0420\u0430\u0431\u043e\u0442\u0430\u044e \u0441 \u043d\u0438\u043c\u0438 \u0443\u0436\u0435 \u0431\u043e\u043b\u0435\u0435 3 \u043b\u0435\u0442, \u0437\u0430 \u044d\u0442\u043e \u0432\u0440\u0435\u043c\u044f \u043a\u0430\u0436\u0434\u044b\u0439 \u0440\u0430\u0437 \u0440\u0435\u043a\u043e\u043c\u0435\u043d\u0434\u043e\u0432\u0430\u043b \u0438\u0445 \u0432\u0441\u0435\u043c, \u043a\u043e\u043c\u0443 \u0442\u0440\u0435\u0431\u043e\u0432\u0430\u043b\u0441\u044f \u0440\u0435\u043c\u043e\u043d\u0442 \u043a\u043e\u043c\u043f\u044c\u044e\u0442\u0435\u0440\u043e\u0432. \u041c\u043e\u0451 \u043f\u043e\u0447\u0442\u0435\u043d\u0438\u0435 \u0437\u0430 \u0432\u0430\u0448\u0443 \u043f\u0440\u043e\u0444\u0435\u0441\u0441\u0438\u043e\u043d\u0430\u043b\u044c\u043d\u0443\u044e \u0440\u0430\u0431\u043e\u0442\u0443.<\/p>\n<p>\u0413\u0443\u0446\u0443 \u042e\u043b\u0438\u0430\u043d<\/p>\n<p style=\"text-align: left;\">\u042f \u0431\u044b\u043b \u043e\u0447\u0435\u043d\u044c \u0434\u043e\u0432\u043e\u043b\u0435\u043d, \u043f\u043e\u0442\u043e\u043c\u0443 \u0447\u0442\u043e \u0438\u0445 \u0445\u0430\u0440\u0430\u043a\u0442\u0435\u0440\u0438\u0437\u0443\u0435\u0442 \u0445\u043e\u0440\u043e\u0448\u043e \u0432\u044b\u043f\u043e\u043b\u043d\u0435\u043d\u043d\u0430\u044f \u0440\u0430\u0431\u043e\u0442\u0430. \u0421\u043f\u0435\u0446\u0438\u0430\u043b\u0438\u0441\u0442 \u0440\u0430\u0431\u043e\u0442\u0430\u0435\u0442 \u0431\u044b\u0441\u0442\u0440\u043e \u0438 \u043a\u0430\u0447\u0435\u0441\u0442\u0432\u0435\u043d\u043d\u043e. \u042f \u043e\u0441\u0442\u0430\u043b\u0441\u044f \u0434\u043e\u0432\u043e\u043b\u0435\u043d \u043f\u0440\u043e\u0434\u0435\u043b\u0430\u043d\u043d\u043e\u0439 \u0440\u0430\u0431\u043e\u0442\u043e\u0439. \u042f \u0440\u0435\u043a\u043e\u043c\u0435\u043d\u0434\u0443\u044e.<\/p>\n<p>\u042d\u043d\u0430\u0447\u0435 \u0414\u043e\u0440\u0438\u043d\u0430<\/p>\n<h2 style=\"text-align: center;\"><strong>\u0423\u0441\u043b\u0443\u0433\u0438<\/strong><\/h2>\n<h2 style=\"text-align: center;\"><strong><span>\u041d\u0430\u043c \u0434\u043e\u0432\u0435\u0440\u044f\u044e\u0442 \u0432\u0435\u0434\u0443\u0449\u0438\u0435 \u043a\u043e\u043c\u043f\u0430\u043d\u0438\u0438<\/span><\/strong><\/h2>\n<p><span><img decoding=\"async\" alt=\"\u0440\u0435\u043c\u043e\u043d\u0442 \u043a\u043e\u043c\u043f\u044c\u044e\u0442\u0435\u0440\u043e\u0432 \u041a\u0438\u0448\u0438\u043d\u0435\u0432\" data-id=\"179\" width=\"125\" data-init-width=\"402\" height=\"26\" data-init-height=\"83\" title=\"\u0440\u0435\u043c\u043e\u043d\u0442 \u043a\u043e\u043c\u043f\u044c\u044e\u0442\u0435\u0440\u043e\u0432 \u041a\u0438\u0448\u0438\u043d\u0435\u0432\" src=\"\/\/master-chisinau.com\/wp-content\/uploads\/2020\/05\/reparatii-calculatoare-chisinau.png\" data-width=\"125\" data-height=\"26\" style=\"aspect-ratio: auto 402 \/ 83;\" loading=\"lazy\"><\/span><span style=\"height: 100%;\"><img decoding=\"async\" alt=\"\u0440\u0435\u043c\u043e\u043d\u0442 \u043d\u043e\u0443\u0442\u0431\u0443\u043a\u043e\u0432 \u041a\u0438\u0448\u0438\u043d\u0435\u0432\" data-id=\"182\" width=\"125\" data-init-width=\"482\" height=\"34\" data-init-height=\"130\" title=\"\u0440\u0435\u043c\u043e\u043d\u0442 \u043d\u043e\u0443\u0442\u0431\u0443\u043a\u043e\u0432 \u041a\u0438\u0448\u0438\u043d\u0435\u0432\" src=\"\/\/master-chisinau.com\/wp-content\/uploads\/2020\/05\/reparatia-laptopurilor-chisinau.png\" data-width=\"125\" data-height=\"34\" style=\"margin-left: 0px; max-width: none !important; aspect-ratio: auto 482 \/ 130;\" loading=\"lazy\" mt-d=\"-1\" ml-m=\"0\" mt-m=\"-1\"><\/span><span><img decoding=\"async\" alt=\"\u0420\u0435\u043c\u043e\u043d\u0442 \u043a\u043e\u043c\u043f\u044c\u044e\u0442\u0435\u0440\u043e\u0432 \u041a\u0438\u0448\u0438\u043d\u0435\u0432.\" data-id=\"185\" width=\"125\" data-init-width=\"500\" height=\"39\" data-init-height=\"157\" title=\"\u0420\u0435\u043c\u043e\u043d\u0442 \u043a\u043e\u043c\u043f\u044c\u044e\u0442\u0435\u0440\u043e\u0432 \u041a\u0438\u0448\u0438\u043d\u0435\u0432.\" src=\"\/\/master-chisinau.com\/wp-content\/uploads\/2020\/05\/reparatia-calculatoarelor-chisinau.png\" data-width=\"125\" data-height=\"39\" style=\"aspect-ratio: auto 500 \/ 157;\" loading=\"lazy\"><\/span><span><img decoding=\"async\" alt=\"\u0420\u0435\u043c\u043e\u043d\u0442 \u043d\u043e\u0443\u0442\u0431\u0443\u043a\u043e\u0432 \u041a\u0438\u0448\u0438\u043d\u0435\u0432.\" data-id=\"180\" width=\"79\" data-init-width=\"400\" height=\"79\" data-init-height=\"400\" title=\"\u0420\u0435\u043c\u043e\u043d\u0442 \u043d\u043e\u0443\u0442\u0431\u0443\u043a\u043e\u0432 \u041a\u0438\u0448\u0438\u043d\u0435\u0432.\" src=\"\/\/master-chisinau.com\/wp-content\/uploads\/2020\/05\/reparatii-laptopurilor-chisinau.png\" data-width=\"79\" data-height=\"79\" style=\"aspect-ratio: auto 400 \/ 400;\" loading=\"lazy\"><\/span><span><img decoding=\"async\" alt=\"\u0420\u0435\u043c\u043e\u043d\u0442 \u043d\u043e\u0443\u0442\u0431\u0443\u043a\u043e\u0432 \u041a\u0438\u0448\u0438\u043d\u0435\u0432.\" data-id=\"181\" width=\"125\" data-init-width=\"400\" height=\"30\" data-init-height=\"97\" title=\"\u0420\u0435\u043c\u043e\u043d\u0442 \u043d\u043e\u0443\u0442\u0431\u0443\u043a\u043e\u0432 \u041a\u0438\u0448\u0438\u043d\u0435\u0432.\" src=\"\/\/master-chisinau.com\/wp-content\/uploads\/2020\/05\/reparatia-laptopuri-chisinau.png\" data-width=\"125\" data-height=\"30\" style=\"aspect-ratio: auto 400 \/ 97;\" loading=\"lazy\"><\/span><span style=\"\"><img decoding=\"async\" alt=\"\u041a\u043e\u043c\u043f\u044c\u044e\u0442\u0435\u0440\u043d\u044b\u0439 \u0441\u0435\u0440\u0432\u0438\u0441 \u041a\u0438\u0448\u0438\u043d\u0435\u0432\" data-id=\"256\" width=\"525\" data-init-width=\"1000\" height=\"350\" data-init-height=\"667\" title=\"\u041a\u043e\u043c\u043f\u044c\u044e\u0442\u0435\u0440\u043d\u044b\u0439 \u0441\u0435\u0440\u0432\u0438\u0441 \u041a\u0438\u0448\u0438\u043d\u0435\u0432\" loading=\"lazy\" src=\"https:\/\/master-chisinau.com\/wp-content\/uploads\/2020\/05\/service-calculatoare-chisinau-1.jpg\" data-width=\"525\" data-height=\"350\" style=\"aspect-ratio: auto 1000 \/ 667;\" mt-d=\"0\" ml-d=\"0\" center-h-d=\"false\"><\/span><\/p>\n<h2 style=\"text-align: left;\"><strong>\u0422\u043e, \u0447\u0442\u043e \u0432\u044b \u043f\u043e\u043b\u0443\u0447\u0430\u0435\u0442\u0435:<\/strong><\/h2>\n<ul>\n<li style=\"\">                    <span style=\"\">\u0413\u0430\u0440\u0430\u043d\u0442\u0438\u044f 2 \u0433\u043e\u0434\u0430 \u043d\u0430 \u043a\u0430\u0436\u0434\u0443\u044e \u0440\u0430\u0431\u043e\u0442\u0443<\/span><\/li>\n<li style=\"\">                    <span style=\"\">\u041e\u0440\u0438\u0433\u0438\u043d\u0430\u043b\u044c\u043d\u044b\u0435 \u0437\u0430\u043f\u0447\u0430\u0441\u0442\u0438 \u043e\u0442 \u043f\u0440\u043e\u0438\u0437\u0432\u043e\u0434\u0438\u0442\u0435\u043b\u044f.<\/span><\/li>\n<li style=\"\">                    <span style=\"\">\u041e\u0440\u0438\u0433\u0438\u043d\u0430\u043b\u044c\u043d\u043e\u0435 \u043b\u0438\u0446\u0435\u043d\u0437\u0438\u043e\u043d\u043d\u043e\u0435 \u043f\u0440\u043e\u0433\u0440\u0430\u043c\u043c\u043d\u043e\u0435 \u043e\u0431\u0435\u0441\u043f\u0435\u0447\u0435\u043d\u0438\u0435<\/span><\/li>\n<li style=\"\">                    <span style=\"\">\u0420\u0435\u043c\u043e\u043d\u0442 \u0437\u0430 24 \u0447\u0430\u0441\u0430<\/span><\/li>\n<li style=\"\">                    <span style=\"\">\u0412\u044b\u0435\u0437\u0434 \u0441\u043f\u0435\u0446\u0438\u0430\u043b\u0438\u0441\u0442\u0430 \u043d\u0430 \u0434\u043e\u043c \u0431\u0435\u0441\u043f\u043b\u0430\u0442\u043d\u044b\u0439.<\/span><\/li>\n<\/ul>\n<h2 style=\"text-align: center;\"><strong>\u041d\u0430\u0448\u0438 \u043f\u0440\u0435\u0438\u043c\u0443\u0449\u0435\u0441\u0442\u0432\u0430 \u043f\u0435\u0440\u0435\u0434 \u043a\u043e\u043d\u043a\u0443\u0440\u0435\u043d\u0442\u0430\u043c\u0438<\/strong><\/h2>\n<p><span style=\"\"><a href=\"https:\/\/master-chisinau.com\/wp-content\/uploads\/2020\/05\/reparatie-calculatoare.svg\" target=\"_blank\" rel=\"noopener\"><img decoding=\"async\" alt=\"\" data-id=\"221\" width=\"80\" data-init-width=\"64\" height=\"80\" data-init-height=\"64\" title=\"\u0440\u0435\u043c\u043e\u043d\u0442 \u043a\u043e\u043c\u043f\u044c\u044e\u0442\u0435\u0440\u0430\" loading=\"lazy\" src=\"https:\/\/master-chisinau.com\/wp-content\/uploads\/2020\/05\/reparatie-calculatoare.svg\" data-width=\"80\" data-height=\"80\" style=\"aspect-ratio: auto 64 \/ 64;\" data-link-wrap=\"true\" mt-d=\"0\"><\/a><\/span><\/p>\n<h4 style=\"text-align: center;\"><strong>\u0411\u043e\u043b\u0435\u0435 10 \u043b\u0435\u0442 \u043e\u043f\u044b\u0442\u0430<\/strong><\/h4>\n<p style=\"text-align: center;\">\u041e\u043f\u044b\u0442 \u0440\u0430\u0431\u043e\u0442\u044b \u0431\u043e\u043b\u0435\u0435 7 \u043b\u0435\u0442. \u0411\u043e\u043b\u0435\u0435 5000 \u0434\u043e\u0432\u043e\u043b\u044c\u043d\u044b\u0445 \u043a\u043b\u0438\u0435\u043d\u0442\u043e\u0432!<\/p>\n<p><span style=\"\"><a href=\"https:\/\/master-chisinau.com\/wp-content\/uploads\/2020\/05\/user.svg\" target=\"_blank\" rel=\"noopener\"><img decoding=\"async\" alt=\"\" data-id=\"220\" width=\"80\" data-init-width=\"360\" height=\"80\" data-init-height=\"360\" title=\"\u0440\u0435\u043c\u043e\u043d\u0442 \u043a\u043e\u043c\u043f\u044c\u044e\u0442\u0435\u0440\u0430\" loading=\"lazy\" src=\"https:\/\/master-chisinau.com\/wp-content\/uploads\/2020\/05\/reparatie-calculatoare-1.png\" data-width=\"80\" data-height=\"80\" style=\"aspect-ratio: auto 360 \/ 360;\" data-link-wrap=\"true\" mt-d=\"0\"><\/a><\/span><\/p>\n<h4 style=\"text-align: center;\"><strong>5-\u0437\u0432\u0435\u0437\u0434\u043e\u0447\u043d\u044b\u0439 \u0440\u0435\u0439\u0442\u0438\u043d\u0433 \u043d\u0430 profi.md<\/strong><\/h4>\n<p style=\"text-align: center;\">\u041d\u0430 profi.md \u0443 \u043d\u0430\u0441 \u0440\u0435\u0439\u0442\u0438\u043d\u0433 5\/5, \u0430 \u044d\u0442\u043e \u0437\u043d\u0430\u0447\u0438\u0442, \u0447\u0442\u043e \u0432\u0441\u0435 \u043a\u043b\u0438\u0435\u043d\u0442\u044b \u043e\u0441\u0442\u0430\u043b\u0438\u0441\u044c \u0434\u043e\u0432\u043e\u043b\u044c\u043d\u044b.<\/p>\n<p><span><a href=\"https:\/\/master-chisinau.com\/wp-content\/uploads\/2020\/05\/reparatie-calculatoare-la-domiciliu.svg\" target=\"_blank\" rel=\"noopener\"><img decoding=\"async\" alt=\"\u0440\u0435\u043c\u043e\u043d\u0442 \u043a\u043e\u043c\u043f\u044c\u044e\u0442\u0435\u0440\u043e\u0432 \u043d\u0430 \u0434\u043e\u043c\u0443\" data-id=\"222\" width=\"80\" data-init-width=\"64\" height=\"80\" data-init-height=\"64\" title=\"\u0440\u0435\u043c\u043e\u043d\u0442 \u043a\u043e\u043c\u043f\u044c\u044e\u0442\u0435\u0440\u043e\u0432 \u043d\u0430 \u0434\u043e\u043c\u0443\" loading=\"lazy\" src=\"https:\/\/master-chisinau.com\/wp-content\/uploads\/2020\/05\/reparatie-calculatoare-la-domiciliu.svg\" data-width=\"80\" data-height=\"80\" style=\"aspect-ratio: auto 64 \/ 64;\" data-link-wrap=\"true\"><\/a><\/span><\/p>\n<h4 style=\"text-align: center;\"><strong>\u0411\u0435\u0437\u043e\u043f\u0430\u0441\u043d\u043e\u0435 \u043f\u0443\u0442\u0435\u0448\u0435\u0441\u0442\u0432\u0438\u0435 \u0434\u043e\u043c\u0430<\/strong><\/h4>\n<p style=\"text-align: center;\">\u0412 \u043f\u0435\u0440\u0438\u043e\u0434 \u043f\u0430\u043d\u0434\u0435\u043c\u0438\u0438 \u043d\u0430\u0448\u0438 \u0441\u043f\u0435\u0446\u0438\u0430\u043b\u0438\u0441\u0442\u044b \u043f\u0440\u0438\u043d\u0438\u043c\u0430\u044e\u0442 \u0432\u0441\u0435 \u043c\u0435\u0440\u044b \u043f\u0440\u0435\u0434\u043e\u0441\u0442\u043e\u0440\u043e\u0436\u043d\u043e\u0441\u0442\u0438.<\/p>\n<p><span><a href=\"https:\/\/master-chisinau.com\/wp-content\/uploads\/2020\/05\/reparatie-calculatoare-la-domiciliu-chisinau.svg\" target=\"_blank\" rel=\"noopener\"><img decoding=\"async\" alt=\"\u0440\u0435\u043c\u043e\u043d\u0442 \u043a\u043e\u043c\u043f\u044c\u044e\u0442\u0435\u0440\u043e\u0432 \u043d\u0430 \u0434\u043e\u043c\u0443 \u041a\u0438\u0448\u0438\u043d\u0435\u0432\" data-id=\"223\" width=\"80\" data-init-width=\"64\" height=\"80\" data-init-height=\"64\" title=\"\u0440\u0435\u043c\u043e\u043d\u0442 \u043a\u043e\u043c\u043f\u044c\u044e\u0442\u0435\u0440\u043e\u0432 \u043d\u0430 \u0434\u043e\u043c\u0443 \u041a\u0438\u0448\u0438\u043d\u0435\u0432\" loading=\"lazy\" src=\"https:\/\/master-chisinau.com\/wp-content\/uploads\/2020\/05\/reparatie-calculatoare-la-domiciliu-chisinau.svg\" data-width=\"80\" data-height=\"80\" style=\"aspect-ratio: auto 64 \/ 64;\" data-link-wrap=\"true\"><\/a><\/span><\/p>\n<h4 style=\"text-align: center;\"><strong>\u041b\u0443\u0447\u0448\u0438\u0435 \u0446\u0435\u043d\u044b<\/strong><\/h4>\n<p style=\"text-align: center;\">\u041c\u044b \u043f\u0440\u0430\u043a\u0442\u0438\u043a\u0443\u0435\u043c \u0433\u0438\u0431\u043a\u0443\u044e \u0441\u0438\u0441\u0442\u0435\u043c\u0443 \u0446\u0435\u043d\u043e\u043e\u0431\u0440\u0430\u0437\u043e\u0432\u0430\u043d\u0438\u044f, \u0438\u0441\u0445\u043e\u0434\u044f \u0438\u0437 \u0441\u043b\u043e\u0436\u043d\u043e\u0441\u0442\u0438 \u0442\u0440\u0435\u0431\u0443\u0435\u043c\u044b\u0445 \u0440\u0430\u0431\u043e\u0442.<\/p>\n<h2 style=\"text-align: left;\"><strong>\u0427\u0430\u0441\u0442\u044b\u0435 \u0432\u043e\u043f\u0440\u043e\u0441\u044b<\/strong><\/h2>\n<p><span><img decoding=\"async\" alt=\"\u043a\u043e\u043c\u043f\u044c\u044e\u0442\u0435\u0440\u043d\u044b\u0439 \u0441\u0435\u0440\u0432\u0438\u0441, \u043c\u043a\u0440.\" data-id=\"257\" width=\"525\" data-init-width=\"747\" height=\"285\" data-init-height=\"405\" title=\"\u043a\u043e\u043c\u043f\u044c\u044e\u0442\u0435\u0440\u043d\u044b\u0439 \u0441\u0435\u0440\u0432\u0438\u0441, \u043c\u043a\u0440.\" loading=\"lazy\" src=\"https:\/\/master-chisinau.com\/wp-content\/uploads\/2020\/05\/service-calculatoare-md.jpg\" data-width=\"525\" data-height=\"285\" style=\"aspect-ratio: auto 747 \/ 405;\"><\/span><\/p>","protected":false},"excerpt":{"rendered":"<p>Repara\u021bia Calculatoarelor \u0219i Laptopurilor la Domiciliu Repara\u021bia Calculatoarelor \u0219i Laptopurilor la domiciliu \u00een Chi\u0219in\u0103u. Deplasarea este gratuit\u0103. Trimite&nbsp;mesaj sausun\u0103 acum la +373 67 331 944 NumeleNum\u0103r de telefonProblema tehnic\u0103Trimite mesajul Ce spun clien\u021bii despre noi Calitatea lucr\u0103rilor efectuate este excelent\u0103. Comunicarea este foarte bun\u0103, speciali\u0219tii fiind disponibili s\u0103 r\u0103spund\u0103 la orice \u00eentrebare despre reparatia calculatoarelor. [&hellip;]<\/p>","protected":false},"author":1,"featured_media":217,"parent":0,"menu_order":0,"comment_status":"closed","ping_status":"closed","template":"","meta":{"footnotes":""},"class_list":["post-13","page","type-page","status-publish","has-post-thumbnail","hentry","post-wrapper","thrv_wrapper"],"rankMath":{"parentDomain":"master-chisinau.com","noFollowDomains":[],"noFollowExcludeDomains":[],"noFollowExternalLinks":false,"featuredImageNotice":"\u041f\u043e\u043a\u0430\u0437\u0430\u043d\u043d\u043e\u0435 \u0438\u0437\u043e\u0431\u0440\u0430\u0436\u0435\u043d\u0438\u0435 \u0434\u043e\u043b\u0436\u043d\u043e \u0431\u044b\u0442\u044c \u0440\u0430\u0437\u043c\u0435\u0440\u043e\u043c \u043d\u0435 \u043c\u0435\u043d\u0435\u0435 200 \u043d\u0430 200 \u043f\u0438\u043a\u0441\u0435\u043b\u0435\u0439, \u0447\u0442\u043e\u0431\u044b \u0435\u0433\u043e \u043c\u043e\u0433\u043b\u0438 \u0443\u0432\u0438\u0434\u0435\u0442\u044c Facebook \u0438 \u0434\u0440\u0443\u0433\u0438\u0435 \u0441\u0430\u0439\u0442\u044b \u0441\u043e\u0446\u0438\u0430\u043b\u044c\u043d\u044b\u0445 \u0441\u0435\u0442\u0435\u0439.","pluginReviewed":true,"postSettings":{"linkSuggestions":true,"useFocusKeyword":false},"frontEndScore":false,"postName":"reparatii-calculatoare-si-laptop-uri-chisinau","permalinkFormat":"https:\/\/master-chisinau.com\/ru\/","showLockModifiedDate":true,"assessor":{"focusKeywordLink":"https:\/\/master-chisinau.com\/wp-admin\/edit.php?focus_keyword=%focus_keyword%&post_type=%post_type%","hasTOCPlugin":{"thrive-visual-editor\/thrive-visual-editor.php":"Thrive Architect"},"primaryTaxonomy":false,"serpData":{"title":"","description":"Repar\u0103m calculatoare si laptop-uri \u00een Chi\u0219in\u0103u, la domiciliu. Serviciile de repara\u021bie \u0219i\/sau profilaxie le putem efectua \u0219i la domiciliu.","focusKeywords":"Repara\u021bia Calculatoarelor,Repara\u021bii calculatoare,Repara\u021bii calculatoare Chi\u0219in\u0103u,reparatii laptop chisinau,reparatii laptop,reparatie calculatoare,reparatie calculatoare botanica","pillarContent":false,"canonicalUrl":"","breadcrumbTitle":"","advancedRobots":{"max-snippet":"-1","max-video-preview":"-1","max-image-preview":"large"},"facebookTitle":"","facebookDescription":"","facebookImage":"","facebookImageID":"","facebookHasOverlay":false,"facebookImageOverlay":"","facebookAuthor":"","twitterCardType":"","twitterUseFacebook":true,"twitterTitle":"","twitterDescription":"","twitterImage":"","twitterImageID":"","twitterHasOverlay":false,"twitterImageOverlay":"","twitterPlayerUrl":"","twitterPlayerSize":"","twitterPlayerStream":"","twitterPlayerStreamCtype":"","twitterAppDescription":"","twitterAppIphoneName":"","twitterAppIphoneID":"","twitterAppIphoneUrl":"","twitterAppIpadName":"","twitterAppIpadID":"","twitterAppIpadUrl":"","twitterAppGoogleplayName":"","twitterAppGoogleplayID":"","twitterAppGoogleplayUrl":"","twitterAppCountry":"","robots":{"index":true},"twitterAuthor":"\u0438\u043c\u044f \u043f\u043e\u043b\u044c\u0437\u043e\u0432\u0430\u0442\u0435\u043b\u044f","primaryTerm":0,"authorName":"Master Chi\u0219in\u0103u","titleTemplate":"%title% %page% %sep% %sitename%","descriptionTemplate":"%excerpt%","showScoreFrontend":true,"lockModifiedDate":false},"powerWords":[],"diacritics":{"A":"[\\u0410\\u0430]","B":"[\\u0411\\u0431]","V":"[\\u0412\\u0432]","G":"[\\u0413\\u0433]","D":"[\\u0414\\u0434]","YE":"[\\u0415\\u0435]","YO":"[\\u0401\\u0451]","ZH":"[\\u0416\\u0436]","Z":"[\\u0417\\u0437]","EE":"[\\u0418\\u0438]","YI":"[\\u0419\\u0439]","K":"[\\u041A\\u043A]","L":"[\\u041B\\u043B]","M":"[\\u041C\\u043c]","P":"[\\u041F\\u043F]","T":"[\\u0422\\u0442]","U":"[\\u0423\\u0443]","F":"[\\u0424\\u0444]","H":"[\\u0425\\u0445]","TS":"[\\u0426\\u0446]","CH":"[\\u0427\\u0447]","SH":"[\\u0428\\u0448\\u0429\\u0449]","I":"[\\u042B\\u044B]","E":"[\\u042D\\u044D]","YU":"[\\u042E\\u044E]","YA":"[\\u042F\\u044F]","N":"[\\u041D\\u043D]"},"researchesTests":["contentHasTOC","contentHasShortParagraphs","contentHasAssets","keywordInTitle","keywordInMetaDescription","keywordInPermalink","keywordIn10Percent","keywordInContent","keywordInSubheadings","keywordInImageAlt","keywordDensity","keywordNotUsed","lengthContent","lengthPermalink","linksHasInternal","linksHasExternals","linksNotAllExternals","titleStartWithKeyword","titleSentiment","titleHasPowerWords","titleHasNumber","hasContentAI"],"hasRedirection":true,"hasBreadcrumb":false},"homeUrl":"https:\/\/master-chisinau.com\/ru","objectID":13,"objectType":"post","locale":"ru","localeFull":"ru_RU","overlayImages":{"play":{"name":"Play \u0438\u043a\u043e\u043d\u043a\u0430","url":"https:\/\/master-chisinau.com\/wp-content\/plugins\/seo-by-rank-math\/assets\/admin\/img\/icon-play.png","path":"\/home\/masterchisinau\/web\/master-chisinau.com\/public_html\/wp-content\/plugins\/seo-by-rank-math\/assets\/admin\/img\/icon-play.png","position":"middle_center"},"gif":{"name":"GIF \u0438\u043a\u043e\u043d\u043a\u0430","url":"https:\/\/master-chisinau.com\/wp-content\/plugins\/seo-by-rank-math\/assets\/admin\/img\/icon-gif.png","path":"\/home\/masterchisinau\/web\/master-chisinau.com\/public_html\/wp-content\/plugins\/seo-by-rank-math\/assets\/admin\/img\/icon-gif.png","position":"middle_center"}},"defautOgImage":"https:\/\/master-chisinau.com\/wp-content\/uploads\/2020\/06\/reparatii-laptop-chisinau.jpg","customPermalinks":true,"isUserRegistered":false,"autoSuggestKeywords":false,"connectSiteUrl":"https:\/\/rankmath.com\/auth?site=https%3A%2F%2Fmaster-chisinau.com%2Fru&r=https%3A%2F%2Fmaster-chisinau.com%2Fru%2Fwp-json%2Fwp%2Fv2%2Fpages%2F13%3Fnonce%3D91ff03de27&pro=1","maxTags":100,"trendsIcon":"<svg width=\"100%\" height=\"100%\" viewBox=\"0 0 36 36\" version=\"1.1\" xmlns=\"http:\/\/www.w3.org\/2000\/svg\" xmlns:xlink=\"http:\/\/www.w3.org\/1999\/xlink\" fit=\"\" preserveAspectRatio=\"xMidYMid meet\" focusable=\"false\">\n\t\t<g id=\"Page-1\" stroke=\"none\" stroke-width=\"1\" fill=\"none\" fill-rule=\"evenodd\">\n\t\t\t<g id=\"Trends-Arrow\">\n\t\t\t\t<g id=\"TrendsArrow\">\n\t\t\t\t\t<path d=\"M1.11227159,26.3181534 L10.2875029,17.1429221 L13.7152617,20.5706809 L4.5400304,29.7459122 C4.20518633,30.0807563 3.66229681,30.0807562 3.32745277,29.7459122 L1.11136262,27.529822 C0.776518575,27.194978 0.776518548,26.6520885 1.11136262,26.3172444 L1.11227159,26.3181534 Z\" id=\"Shape\" fill=\"#4285F4\" fill-rule=\"nonzero\"><\/path>\n\t\t\t\t\t<path d=\"M14.3201543,14.3211528 L22.283717,22.2847155 L19.4658829,25.1025495 C19.1310388,25.4373936 18.5881494,25.4373937 18.2533053,25.1025495 L10.2906516,17.1398959 L13.1084857,14.3220618 C13.4429747,13.987572 13.9851638,13.9871653 14.3201543,14.3211528 Z\" id=\"Shape\" fill=\"#EA4335\" fill-rule=\"nonzero\"><\/path>\n\t\t\t\t\t<polygon id=\"Rectangle-path\" fill=\"#FABB05\" fill-rule=\"nonzero\" points=\"18.8573051 18.8577571 28.2843236 9.43073862 31.7120824 12.8584974 22.2850639 22.2855159\"><\/polygon>\n\t\t\t\t\t<path d=\"M35.0711567,15.5054713 L35.0711567,7 L35.0711567,7 C35.0711567,6.44771525 34.6234415,6 34.0711567,6 L25.5656854,6 L25.5656854,6 C25.0134007,6 24.5656854,6.44771525 24.5656854,7 C24.5656854,7.26521649 24.6710423,7.5195704 24.8585786,7.70710678 L33.3640499,16.2125781 L33.3640499,16.2125781 C33.7545742,16.6031024 34.3877392,16.6031024 34.7782635,16.2125781 C34.9657999,16.0250417 35.0711567,15.7706878 35.0711567,15.5054713 Z\" id=\"Shape\" fill=\"#34A853\" fill-rule=\"nonzero\"><\/path>\n\t\t\t\t\t<rect id=\"Rectangle-path\" x=\"0\" y=\"0\" width=\"36\" height=\"36\"><\/rect>\n\t\t\t\t<\/g>\n\t\t\t<\/g>\n\t\t<\/g>\n\t<\/svg>","showScore":true,"siteFavIcon":"https:\/\/master-chisinau.com\/wp-content\/uploads\/2020\/06\/cropped-reparatii-calculatoare-chisinau-01-1-1-01-1.png","canUser":{"general":false,"advanced":false,"snippet":false,"social":false,"analysis":false,"analytics":false,"content_ai":false},"isPro":true,"is_front_page":false,"trendsUpgradeLink":"https:\/\/master-chisinau.com\/wp-admin\/admin.php?page=rank-math&view=help","trendsUpgradeLabel":"\u0410\u043a\u0442\u0438\u0432\u0438\u0440\u043e\u0432\u0430\u0442\u044c \u0441\u0435\u0439\u0447\u0430\u0441","trendsPreviewImage":"https:\/\/master-chisinau.com\/wp-content\/plugins\/seo-by-rank-math\/assets\/admin\/img\/trends-preview.jpg","currentEditor":false,"homepageData":{"assessor":{"powerWords":[],"diacritics":true,"researchesTests":["contentHasTOC","contentHasShortParagraphs","contentHasAssets","keywordInTitle","keywordInMetaDescription","keywordInPermalink","keywordIn10Percent","keywordInContent","keywordInSubheadings","keywordInImageAlt","keywordDensity","keywordNotUsed","lengthContent","lengthPermalink","linksHasInternal","linksHasExternals","linksNotAllExternals","titleStartWithKeyword","titleSentiment","titleHasPowerWords","titleHasNumber","hasContentAI"],"hasBreadcrumb":false,"serpData":{"title":"%sitename% %page% %sep% %sitedesc%","description":"","titleTemplate":"%sitename% %page% %sep% %sitedesc%","descriptionTemplate":"","focusKeywords":"","breadcrumbTitle":"Home","robots":{"index":true},"advancedRobots":{"max-snippet":"-1","max-video-preview":"-1","max-image-preview":"large"},"facebookTitle":"","facebookDescription":"","facebookImage":"","facebookImageID":""}}},"tocTitle":"Table of Contents","tocExcludeHeadings":[],"listStyle":"ul"},"_links":{"self":[{"href":"https:\/\/master-chisinau.com\/ru\/wp-json\/wp\/v2\/pages\/13","targetHints":{"allow":["GET"]}}],"collection":[{"href":"https:\/\/master-chisinau.com\/ru\/wp-json\/wp\/v2\/pages"}],"about":[{"href":"https:\/\/master-chisinau.com\/ru\/wp-json\/wp\/v2\/types\/page"}],"author":[{"embeddable":true,"href":"https:\/\/master-chisinau.com\/ru\/wp-json\/wp\/v2\/users\/1"}],"replies":[{"embeddable":true,"href":"https:\/\/master-chisinau.com\/ru\/wp-json\/wp\/v2\/comments?post=13"}],"version-history":[{"count":16,"href":"https:\/\/master-chisinau.com\/ru\/wp-json\/wp\/v2\/pages\/13\/revisions"}],"predecessor-version":[{"id":700,"href":"https:\/\/master-chisinau.com\/ru\/wp-json\/wp\/v2\/pages\/13\/revisions\/700"}],"wp:featuredmedia":[{"embeddable":true,"href":"https:\/\/master-chisinau.com\/ru\/wp-json\/wp\/v2\/media\/217"}],"wp:attachment":[{"href":"https:\/\/master-chisinau.com\/ru\/wp-json\/wp\/v2\/media?parent=13"}],"curies":[{"name":"wp","href":"https:\/\/api.w.org\/{rel}","templated":true}]}}